{"id":2,"date":"2018-05-04T14:56:22","date_gmt":"2018-05-04T12:56:22","guid":{"rendered":"http:\/\/mobiom.fr\/?page_id=2"},"modified":"2023-04-18T11:14:47","modified_gmt":"2023-04-18T09:14:47","slug":"mentions_legales","status":"publish","type":"page","link":"https:\/\/mobiom.fr\/index.php\/mentions_legales\/","title":{"rendered":"Mentions l\u00e9gales"},"content":{"rendered":"<p><strong>1. Pr\u00e9sentation du site :<br \/>\n<\/strong><br \/>\nConform\u00e9ment aux dispositions des articles 6-III et 19 de la Loi n\u00b0 2004-575 du 21 juin 2004 pour la Confiance dans l&rsquo;\u00e9conomie num\u00e9rique, dite L.C.E.N., nous portons \u00e0 la connaissance des utilisateurs et visiteurs du site :\u00a0<a href=\"http:\/\/www.mobiom.fr\/\" target=\"_blank\" rel=\"noopener noreferrer\">www.mobiom.fr<\/a>\u00a0les informations suivantes :<\/p>\n<p><strong>Informations l\u00e9gales :<\/strong><\/p>\n<p>Statut du propri\u00e9taire :\u00a0<strong>societe<\/strong><br \/>\nPr\u00e9fixe :\u00a0<strong>SAS<\/strong><br \/>\nNom de la Soci\u00e9t\u00e9 :<strong>\u00a0CHALLANCIN ACCUEIL ET SERVICES<\/strong><br \/>\nAdresse :\u00a0<strong>2 Avenue du Pr\u00e9sident Salvador Allende 93100 MONTREUIL<\/strong><br \/>\nAu Capital de :<strong>\u00a07 622,45 Euros \u20ac<\/strong><br \/>\nSIRET :\u00a0\u00a0<strong>423 681 774 00059\u00a0 \u00a0<\/strong>R.C.S. :<strong>\u00a0423 681 774 Bobigny<\/strong><br \/>\nNum\u00e9ro TVA intracommunautaire :\u00a0<strong>FR14423681774<\/strong><br \/>\nAdresse de courrier \u00e9lectronique :\u00a0<strong>contact@mobiom.fr<\/strong><\/p>\n<p>Le Cr\u00e9ateur du site est :\u00a0<strong>MOBIOM<\/strong><br \/>\nLe Responsable de la\u00a0 publication est :\u00a0<strong>MOBIOM<\/strong><br \/>\nContactez le responsable de la publication :\u00a0<strong>contact@mobiom.fr<\/strong><br \/>\nLe responsable de la publication est une\u00a0<strong>personne morale<\/strong><\/p>\n<p>Le Webmaster est\u00a0 :\u00a0<strong>MOBIOM<\/strong><br \/>\nContactez le Webmaster :\u00a0<strong><a href=\"mailto:contact@mobiom.fr?subject=Contact%20%C3%AF%C2%BF%C2%BD%20partir%20des%20mentions%20l%C3%AF%C2%BF%C2%BDgales%20via%20le%20site%20www.mobiom.fr\">contact@mobiom.fr<\/a><\/strong><br \/>\nL\u2019hebergeur du site est :\u00a0<strong>MOBIOM MOBIOM 93100 MONTREUIL<\/strong><br \/>\n<u><strong>CREDITS :<\/strong><\/u>\u00a0les mentions l\u00e9gales ont \u00e9t\u00e9s g\u00e9n\u00e9r\u00e9es par\u00a0<strong><a href=\"https:\/\/www.generer-mentions-legales.com\/\">mentions legales<\/a><\/strong><\/p>\n<p><strong>2. Description des services fournis :<\/strong><\/p>\n<p>Le site\u00a0<a href=\"http:\/\/www.mobiom.fr\/\" target=\"_blank\" rel=\"noopener noreferrer\">www.mobiom.fr<\/a>\u00a0a pour objet de fournir une information concernant l\u2019ensemble des activit\u00e9s de la soci\u00e9t\u00e9.<br \/>\nLe proprietaire du site s\u2019efforce de fournir sur le site\u00a0<a href=\"http:\/\/www.mobiom.fr\/\" target=\"_blank\" rel=\"noopener noreferrer\">www.mobiom.fr<\/a>\u00a0des informations aussi pr\u00e9cises que possible. Toutefois, il ne pourra \u00eatre tenue responsable des omissions, des inexactitudes et des carences dans la mise \u00e0 jour, qu\u2019elles soient de son fait ou du fait des tiers partenaires qui lui fournissent ces informations.<br \/>\nTous les informations propos\u00e9es sur le site\u00a0<a href=\"http:\/\/www.mobiom.fr\/\" target=\"_blank\" rel=\"noopener noreferrer\">www.mobiom.fr<\/a>\u00a0sont donn\u00e9es \u00e0 titre indicatif, sont non exhaustives, et sont susceptibles d\u2019\u00e9voluer. Elles sont donn\u00e9es sous r\u00e9serve de modifications ayant \u00e9t\u00e9 apport\u00e9es depuis leur mise en ligne.<\/p>\n<p><strong>3. Propri\u00e9t\u00e9 intellectuelle et contrefa\u00e7ons :<\/strong><\/p>\n<p>Le proprietaire du site est propri\u00e9taire des droits de propri\u00e9t\u00e9 intellectuelle ou d\u00e9tient les droits d\u2019usage sur tous les \u00e9l\u00e9ments accessibles sur le site, notamment les textes, images, graphismes, logo, ic\u00f4nes, sons, logiciels\u2026<br \/>\nToute reproduction, repr\u00e9sentation, modification, publication, adaptation totale ou partielle des \u00e9l\u00e9ments du site, quel que soit le moyen ou le proc\u00e9d\u00e9 utilis\u00e9, est interdite, sauf autorisation \u00e9crite pr\u00e9alable \u00e0 l&#8217;email :\u00a0<a href=\"mailto:contact@mobiom.fr?subject=Contact%20%C3%AF%C2%BF%C2%BD%20partir%20des%20mentions%20l%C3%AF%C2%BF%C2%BDgales%20via%20le%20site%20www.mobiom.fr\"><strong>contact@mobiom.fr<\/strong><\/a>\u00a0.<br \/>\nToute exploitation non autoris\u00e9e du site ou de l\u2019un quelconque de ces \u00e9l\u00e9ments qu\u2019il contient sera consid\u00e9r\u00e9e comme constitutive d\u2019une contrefa\u00e7on et poursuivie conform\u00e9ment aux dispositions des articles L.335-2 et suivants du Code de Propri\u00e9t\u00e9 Intellectuelle.<\/p>\n<p><strong>4. Liens hypertextes et cookies :<\/strong><\/p>\n<p>Le site\u00a0<a href=\"http:\/\/www.mobiom.fr\/\" target=\"_blank\" rel=\"noopener noreferrer\">www.mobiom.fr<\/a>\u00a0contient un certain nombre de liens hypertextes vers d\u2019autres sites (partenaires, informations \u2026) mis en place avec l\u2019autorisation de le proprietaire du site . Cependant, le proprietaire du site n\u2019a pas la possibilit\u00e9 de v\u00e9rifier le contenu des sites ainsi visit\u00e9s\u00a0 et d\u00e9cline donc toute responsabilit\u00e9 de ce fait quand aux risques \u00e9ventuels de contenus illicites.<\/p>\n<p>L\u2019utilisateur est inform\u00e9 que lors de ses visites sur le site\u00a0<a href=\"http:\/\/www.mobiom.fr\/\" target=\"_blank\" rel=\"noopener noreferrer\">www.mobiom.fr<\/a>, un ou des cookies sont susceptible de s\u2019installer automatiquement sur son ordinateur. Un cookie est un fichier de petite taille, qui ne permet pas l\u2019identification de l\u2019utilisateur, mais qui enregistre des informations relatives \u00e0 la navigation d\u2019un ordinateur sur un site. Les donn\u00e9es ainsi obtenues visent \u00e0 faciliter la navigation ult\u00e9rieure sur le site, et ont \u00e9galement vocation \u00e0 permettre diverses mesures de fr\u00e9quentation.<\/p>\n<p>Le param\u00e9trage du logiciel de navigation permet d\u2019informer de la pr\u00e9sence de cookie et \u00e9ventuellement, de refuser de la mani\u00e8re d\u00e9crite \u00e0 l\u2019adresse suivante : www.cnil.fr<br \/>\nLe refus d\u2019installation d\u2019un cookie peut entra\u00eener l\u2019impossibilit\u00e9 d\u2019acc\u00e9der \u00e0 certains services. L\u2019utilisateur peut toutefois configurer son ordinateur de la mani\u00e8re suivante, pour refuser l\u2019installation des cookies :<br \/>\nSous Internet Explorer : onglet outil \/ options internet. Cliquez sur Confidentialit\u00e9 et choisissez Bloquer tous les cookies. Validez sur Ok.<br \/>\nSous Netscape : onglet \u00e9dition \/ pr\u00e9f\u00e9rences. Cliquez sur Avanc\u00e9es et choisissez D\u00e9sactiver les cookies. Validez sur Ok.<\/p>\n<p><strong>5. Protection des biens et des personnes &#8211; gestion des donn\u00e9es personnelles :<\/strong><\/p>\n<p>Utilisateur : Internaute se connectant, utilisant le site susnomm\u00e9 :\u00a0<a href=\"http:\/\/www.mobiom.fr\/\" target=\"_blank\" rel=\"noopener noreferrer\">www.mobiom.fr<\/a><br \/>\nEn France, les donn\u00e9es personnelles sont notamment prot\u00e9g\u00e9es par la loi n\u00b0 78-87 du 6 janvier 1978, la loi n\u00b0 2004-801 du 6 ao\u00fbt 2004, l&rsquo;article L. 226-13 du Code p\u00e9nal et la Directive Europ\u00e9enne du 24 octobre 1995.<\/p>\n<p>Sur le site\u00a0<a href=\"http:\/\/www.mobiom.fr\/\" target=\"_blank\" rel=\"noopener noreferrer\">www.mobiom.fr<\/a>, le proprietaire du site ne collecte des informations personnelles relatives \u00e0 l&rsquo;utilisateur que pour le besoin de certains services propos\u00e9s par le site\u00a0<a href=\"http:\/\/www.mobiom.fr\/\" target=\"_blank\" rel=\"noopener noreferrer\">www.mobiom.fr<\/a>. L&rsquo;utilisateur fournit ces informations en toute connaissance de cause, notamment lorsqu&rsquo;il proc\u00e8de par lui-m\u00eame \u00e0 leur saisie. Il est alors pr\u00e9cis\u00e9 \u00e0 l&rsquo;utilisateur du site\u00a0<a href=\"http:\/\/www.mobiom.fr\/\" target=\"_blank\" rel=\"noopener noreferrer\">www.mobiom.fr<\/a>\u00a0l\u2019obligation ou non de fournir ces informations.<br \/>\nConform\u00e9ment aux dispositions des articles 38 et suivants de la loi 78-17 du 6 janvier 1978 relative \u00e0 l\u2019informatique, aux fichiers et aux libert\u00e9s, tout utilisateur dispose d\u2019un droit d\u2019acc\u00e8s, de rectification, de suppression et d\u2019opposition aux donn\u00e9es personnelles le concernant. Pour l\u2019exercer, adressez votre demande \u00e0\u00a0<a href=\"http:\/\/www.mobiom.fr\/\" target=\"_blank\" rel=\"noopener noreferrer\">www.mobiom.fr<\/a>\u00a0par email : email du webmaster ou\u00a0 en effectuant sa demande \u00e9crite et sign\u00e9e, accompagn\u00e9e d\u2019une copie du titre d\u2019identit\u00e9 avec signature du titulaire de la pi\u00e8ce, en pr\u00e9cisant l\u2019adresse \u00e0 laquelle la r\u00e9ponse doit \u00eatre envoy\u00e9e.<\/p>\n<p>Aucune information personnelle de l&rsquo;utilisateur du site\u00a0<a href=\"http:\/\/www.mobiom.fr\/\" target=\"_blank\" rel=\"noopener noreferrer\">www.mobiom.fr<\/a>\u00a0n&rsquo;est publi\u00e9e \u00e0 l&rsquo;insu de l&rsquo;utilisateur, \u00e9chang\u00e9e, transf\u00e9r\u00e9e, c\u00e9d\u00e9e ou vendue sur un support quelconque \u00e0 des tiers. Seule l&rsquo;hypoth\u00e8se du rachat du site\u00a0<a href=\"http:\/\/www.mobiom.fr\/\" target=\"_blank\" rel=\"noopener noreferrer\">www.mobiom.fr<\/a>\u00a0\u00e0 le proprietaire du site et de ses droits permettrait la transmission des dites informations \u00e0 l&rsquo;\u00e9ventuel acqu\u00e9reur qui serait \u00e0 son tour tenu de la m\u00eame obligation de conservation et de modification des donn\u00e9es vis \u00e0 vis de l&rsquo;utilisateur du site\u00a0<a href=\"http:\/\/www.mobiom.fr\/\" target=\"_blank\" rel=\"noopener noreferrer\">www.mobiom.fr<\/a>.<br \/>\nLe site\u00a0<a href=\"http:\/\/www.mobiom.fr\/\" target=\"_blank\" rel=\"noopener noreferrer\">www.mobiom.fr<\/a>\u00a0est d\u00e9clar\u00e9 \u00e0 la CNIL sous le num\u00e9ro Aucune d\u00e9claration CNIL car pas de recueil de donn\u00e9es personnelles.<\/p>\n<p>Les bases de donn\u00e9es sont prot\u00e9g\u00e9es par les dispositions de la loi du 1er juillet 1998 transposant la directive 96\/9 du 11 mars 1996 relative \u00e0 la protection juridique des bases de donn\u00e9es.<\/p>\n<p style=\"text-align: center;\"><strong><u>Cr\u00e9dit :<\/u>\u00a0<a href=\"http:\/\/www.generer-mentions-legales.com\/\">www.generer-mentions-legales.com<\/a><\/strong><\/p>\n","protected":false},"excerpt":{"rendered":"<p>1. Pr\u00e9sentation du site : Conform\u00e9ment aux dispositions des articles 6-III et 19 de la Loi n\u00b0 2004-575 du 21 juin 2004 pour la Confiance dans l&rsquo;\u00e9conomie num\u00e9rique, dite L.C.E.N., nous portons \u00e0 la connaissance des utilisateurs et visiteurs du site :\u00a0www.mobiom.fr\u00a0les informations suivantes : Informations l\u00e9gales : Statut du propri\u00e9taire :\u00a0societe Pr\u00e9fixe :\u00a0SAS Nom [&hellip;]<\/p>\n","protected":false},"author":1,"featured_media":0,"parent":0,"menu_order":0,"comment_status":"closed","ping_status":"open","template":"","meta":[],"_links":{"self":[{"href":"https:\/\/mobiom.fr\/index.php\/wp-json\/wp\/v2\/pages\/2"}],"collection":[{"href":"https:\/\/mobiom.fr\/index.php\/wp-json\/wp\/v2\/pages"}],"about":[{"href":"https:\/\/mobiom.fr\/index.php\/wp-json\/wp\/v2\/types\/page"}],"author":[{"embeddable":true,"href":"https:\/\/mobiom.fr\/index.php\/wp-json\/wp\/v2\/users\/1"}],"replies":[{"embeddable":true,"href":"https:\/\/mobiom.fr\/index.php\/wp-json\/wp\/v2\/comments?post=2"}],"version-history":[{"count":6,"href":"https:\/\/mobiom.fr\/index.php\/wp-json\/wp\/v2\/pages\/2\/revisions"}],"predecessor-version":[{"id":75,"href":"https:\/\/mobiom.fr\/index.php\/wp-json\/wp\/v2\/pages\/2\/revisions\/75"}],"wp:attachment":[{"href":"https:\/\/mobiom.fr\/index.php\/wp-json\/wp\/v2\/media?parent=2"}],"curies":[{"name":"wp","href":"https:\/\/api.w.org\/{rel}","templated":true}]}}